{"id":18,"date":"2017-12-14T15:13:41","date_gmt":"2017-12-14T15:13:41","guid":{"rendered":"http:\/\/tech.ledtrading.ro\/?page_id=18"},"modified":"2018-01-18T09:57:34","modified_gmt":"2018-01-18T09:57:34","slug":"tehnologia-led-ledtrading","status":"publish","type":"page","link":"https:\/\/ledtrading.ro\/?page_id=18&lang=ro_RO","title":{"rendered":"Tehnologia LED"},"content":{"rendered":"<p>[vc_row][vc_column][portlist anim=&#8221;pulse&#8221; limit=&#8221;8&#8243; automatic=&#8221;true&#8221;][vc_row_inner][vc_column_inner][\/vc_column_inner][\/vc_row_inner][vc_tta_tabs][vc_tta_section add_icon=&#8221;true&#8221; title=&#8221;Definitie&#8221; tab_id=&#8221;1513418358170-a6687a86-868a&#8221;][vc_column_text]<span style=\"color: #000000;\"><img loading=\"lazy\" class=\"size-full wp-image-127 alignleft\" src=\"http:\/\/tech.ledtrading.ro\/wp-content\/uploads\/2017\/12\/utilizare-led-300x252.jpg\" alt=\"\" width=\"300\" height=\"252\" \/><\/span><\/p>\n<div class=\"row\">\n<div class=\"sixteen noSidebars columns\">\n<div id=\"mainbody\">\n<div class=\"item-page \">\n<p><span style=\"color: #000000;\"><strong>O dioda luminoasa (prescurtarea LED provine din limba engleza light-emitting diode), si inseamna dioda emitatoare de lumina,<\/strong> este unelement semiconductor emitator de lumina cu proprietati electrice corespunzatoare unei diode.\u00a0Cand circula curentul electric printr-odioda in directia de inaintare, ea va emite, in functie de materialul semionductor si de frecventa electrica fie lumina, fie raze infrarosii sau ultraviolete.<\/span><\/p>\n<p><span style=\"color: #000000;\"><strong>Modul exact de functionare al diodei<\/strong> este destul de complicat de explicat dar va prezentam o analogie ca sa o vizualizati mai usor: dioda LED este inversia fizica a celulei solare. In timp ce in cazul celulei solare lumina cade pe o placa tratata de siliciu si se transforma in curent Electric, in cazul Diodei LED este exact invers: curentul continuu este transformat in interiorul elementului de siliciu semiconductor in Lumina care este raspandita printr- o lentila. Marea provocare consta in a obtine aceasta lumina intr-o calitate superioara.<\/span><\/p>\n<p>&nbsp;<\/p>\n<p><span style=\"color: #000000;\"><strong>Spectrul calitativ al technicii LED este imens.<\/strong> Cele mai bune diode LED emit o lumina intr-o calitate asemanatoare cu a luminii halogene. Aceste Diode nici nu sunt identificate in practica de consumatori ca fiind diode LED. Cu siguranta cunoasteti lumina LED rece de calitate inferioara a lanternelor de buzunar si a farurilor de bicicleta. Incepand din 1. octombrie 2010 exista obligatia de a declara in cazul lampilor LED de uz menajer temperatura culorii si indexul de reproducere a culorilor. Acest fapt da consumatorului posibilitatea de a alege o lampa LED in calitatea si in culoarea luminii dorite.<\/span><\/p>\n<\/div>\n<\/div>\n<\/div>\n<\/div>\n<p>[\/vc_column_text][\/vc_tta_section][vc_tta_section i_icon_fontawesome=&#8221;fa fa-film&#8221; add_icon=&#8221;true&#8221; title=&#8221;Istoric&#8221; tab_id=&#8221;1513418358198-e32e8a98-9af4&#8243;][vc_column_text]<\/p>\n<h2><strong><span style=\"color: #000000;\">De c\u00e2nd se folosesc LED-urile?<\/span><\/strong><\/h2>\n<div class=\"years\">\n<div class=\"year fromleft\">\n<div class=\"date\"><span style=\"color: #000000;\">1960<\/span><\/div>\n<p><span style=\"color: #000000;\">Diode luminoase colorate se folosesc \u00eenc\u0103 din anii &#8217;60 pentru ecranele digitale \u0219i reclamele luminoase. Efectul luminos ob\u021binut sau eficien\u021ba energetic\u0103 ale acestor LED-uri colorate (\u00een ro\u0219u, galben, verde, albastru) erau reduse, cu mult inferioare becului electric. Nick Holonayk Jr. (un cercet\u0103tor american) este considerat inventatorul Diodei LED.<\/span><\/p>\n<\/div>\n<\/div>\n<div class=\"years\">\n<div class=\"year fromright\">\n<div class=\"date\"><span style=\"color: #000000;\">2000<\/span><\/div>\n<p><span style=\"color: #000000;\">Doar \u00een anul 2000 s-a reu\u0219it producerea de LED -uri de culoare alb\u0103. Capacitatea de redare a culorii de c\u0103tre prima genera\u021bie de LED- uri albe era inferioar\u0103, iar eficien\u021ba energetic\u0103 era asem\u0103n\u0103toare cu cea a becurilor electrice. \u00cen principiu, acestea erau utilizate pentru marcajele rutiere, laterne de buzunar \u0219i faruri de biciclete.<\/span><\/p>\n<\/div>\n<\/div>\n<div class=\"years\">\n<div class=\"year fromleft\">\n<div class=\"date\"><span style=\"color: #000000;\">2006-2009<\/span><\/div>\n<p><span style=\"color: #000000;\">\u00centre 2006 \u0219i 2009 are loc o evolu\u021bie revolu\u021bionar\u0103: eficien\u021ba LED-urilor se \u00eembun\u0103t\u0103\u021be\u0219te de trei ori \u0219i atinge aproape nivelul l\u0103mpilor economice. \u00cen acela\u0219i timp, se perfec\u021bioneaz\u0103 capacitatea de redare a culorilor care atinge ast\u0103zi, \u00een cazul celor mai bune produse de pe pia\u021b\u0103, calitatea l\u0103mpilor cu halogen. Astfel, LED-urile devin utilizabile \u0219i pentru iluminarea spa\u021biilor interioare.<\/span><\/p>\n<\/div>\n<\/div>\n<div class=\"years\">\n<div class=\"year fromright\">\n<div class=\"date\"><span style=\"color: #000000;\">2009-2012<\/span><\/div>\n<p><span style=\"color: #000000;\">\u00centre 2009 \u0219i 2012, produc\u0103tori de renume precum Cree, Bridgelux sau Osram lanseaz\u0103 pe pia\u021b\u0103 LED-uri de p\u00e2n\u0103 la 200lm\/Watt. Calitatea \u0219i eficien\u021b\u0103 energetic\u0103 va \u00eenregistra \u00een continuare progrese dar, probabil, nu at\u00e2t de spectaculoase ca \u00een ultimii ani.<\/span><\/p>\n<\/div>\n<\/div>\n<div class=\"years\">\n<div class=\"year fromleft\">\n<div class=\"date\"><span style=\"color: #000000;\">VIITOR<\/span><\/div>\n<p><span style=\"color: #000000;\">Este posibil ca \u00een c\u00e2\u021biva ani LED-urile s\u0103 revolu\u021bioneze \u00eentregi domenii de iluminare. Multe dezavantaje ale l\u0103mpilor economice (precum \u00eent\u00e2rzierea la aprindere, lumina difuz\u0103, smogul electric) pot fi \u00eenl\u0103turate prin folosirea LED-urilor.<\/span><\/p>\n<\/div>\n<\/div>\n<p>[\/vc_column_text][\/vc_tta_section][vc_tta_section i_icon_fontawesome=&#8221;fa fa-user&#8221; add_icon=&#8221;true&#8221; title=&#8221;Utilizare&#8221; tab_id=&#8221;1513418734944-99194468-f09a&#8221;][vc_column_text]<\/p>\n<h2><span style=\"color: #000000;\">Unde se folosesc deja Led-uri?<\/span><\/h2>\n<p><span style=\"color: #000000;\"><img loading=\"lazy\" class=\"size-full wp-image-130 alignleft\" src=\"http:\/\/tech.ledtrading.ro\/wp-content\/uploads\/2017\/12\/hale-led-261x300.jpg\" alt=\"\" width=\"261\" height=\"300\" \/><\/span><\/p>\n<p><span style=\"color: #000000;\">In ziua de azi se folosesc deja LED-uri ca inlocuitori pentru orice sursa de lumina., incepand cu becurile normale E27, faruri, neoane,semnale rutiere, faruri auto si pana la felinarul de strada. Si acestea nu sunt inca toate posibilitatile de utilizare ale LED-urilor. Bineinteles au aparut pe piata care s-a extins foarte repede produse de calitate inferioara pana la mizerabila. De aceea multa lume nu indrazneste sa utilizeze iluminarea cu LED-uri avand convingera ca acestea au acelasi efect.<\/span><\/p>\n<p><span style=\"color: #000000;\">Adeseori consumatorii au imaginea LED-urilor cu puncte luminoase intense si nu cunosc produsele de calitate superioara. Ei cunosc doar produsele din Baumarkt, Supermarkt sau diverse cataloage. Din pacate prea putini consumatori cunosc produsele de calitate superioara din magazinele electrice de specialitate. Si totusi numai produse LED cu acest nivel de caliatate sunt cu adevarat interesante.<\/span><\/p>\n<p><span style=\"color: #000000;\">Doar acestea ofera o lumina placuta, asa cum ne-am obisnuit si nu una intensiv punctuala sau deranjanta. Nu veti observa nici o diferenta in momentul in care veti patrunde in spatii astfel luminate. Si de aceea se merita sa investiti in produse de calitate. Numai asa se pot folosi LED-urile pretutindeni. Pana la iluminarea stadioanelor si a halelor.<\/span>[\/vc_column_text][\/vc_tta_section][vc_tta_section i_icon_fontawesome=&#8221;fa fa-cog&#8221; add_icon=&#8221;true&#8221; title=&#8221;Caracteristici&#8221; tab_id=&#8221;1513419708910-1546f666-448a&#8221;][vc_column_text]<\/p>\n<div class=\"item-page \">\n<h2 class=\"page-title\"><span style=\"color: #000000;\">Caracteristici<\/span><\/h2>\n<h2><span style=\"color: #000000;\">Capacitatea de redare a luminii\/ Cromatica luminii<\/span><\/h2>\n<p><span style=\"color: #000000;\"><strong>Pentru c\u0103 l\u0103mpile LED pot emite lumin\u0103 \u00een aproape orice culoare, exist\u0103 din octombrie 2010 obliga\u021bia de a reda pe ambalaj temperatura culorii. Aceasta se red\u0103 \u00een unitatea de m\u0103sur\u0103 Kelvin (K) \u0219i se diferen\u021biaz\u0103 \u00een trei grupe:<br \/>\n<\/strong><\/span><\/p>\n<p><span style=\"color: #000000;\"><strong>\u2022 Culoarea alb\u0103 cald\u0103 2700 \u2013 3300 K (Becul electric 2700K, lamp\u0103 cu halogen 3000K, lamp\u0103 economic\u0103 827\/830)<br \/>\n\u2022 Culoarea alb\u0103 neutr\u0103 3300 \u2013 5000 K (lamp\u0103 economic\u0103 840)<br \/>\n\u2022\u00a0Culoarea alb\u0103 rece \/ albul diurn &gt; 5000 \u2013 10\u2019000 K (lumina diurn\u0103 6500K, lamp\u0103 economic\u0103 865) <\/strong><\/span><\/p>\n<p><span style=\"color: #000000;\">Trebuie men\u021bionat c\u0103 lampa LED este cu at\u00e2t mai eficient\u0103 din punct de vedere energetic cu c\u00e2t este mai redus\u0103 temperatura culorii. L\u0103mpile LED alb diurn de 6000 de Kelvin au o eficient\u0103 cu 25% mai bun\u0103 dec\u00e2t cele de culoarea alb\u0103 cald\u0103 cu circa. 3000 Kelvin. Acas\u0103 sunt din obi\u0219nuin\u021b\u0103 mai pl\u0103cute luminile de culoare alb\u0103 cald\u0103, mai ales dac\u0103 \u00eentr-un spa\u021biu se folosesc cu prec\u0103dere becuri cu lumina de culoare alb rece, lumina emis\u0103 bate \u00een albastru \u0219i pare steril\u0103. La locul de munc\u0103, dimpotriv\u0103, se prefer\u0103 lumina de culoare alb rece pentru c\u0103 are efect activator. Culoarea temperaturii \u00een Kelvin este men\u021bionat\u0103 pe ambalaj, sub men\u021biunea alb cald \/ \u201cwarmweiss \/ warm white\u201d respectiv alb rece \/ lumina diurnal \/ kaltweiss \/ tageslichtweiss \/ cold white \/ daylight\u201d.<\/span><\/p>\n<p><span style=\"color: #000000;\">Cu toate c\u0103 se men\u021bioneaz\u0103 aceea\u0219i culoare a luminii, l\u0103mpile LED pot emite o lumin\u0103 de culori \u0219i nuan\u021be foarte diferite, datorit\u0103 compozi\u021biei spectrale. Lumina emis\u0103 de l\u0103mpile LED ieftine nu este suficient de cald\u0103 \u0219i devine deranjant\u0103. Pentru a eviden\u021bia diferen\u021bierea calitativ\u0103 a produselor, mul\u021bi produc\u0103tori men\u021bioneaz\u0103 \u0219i valoarea Ra a l\u0103mpii. L\u0103mpile cu un factor de redare a culorii ridicat Ra (\u00een limba englez\u0103: CRI = Color Rendering Index) permit culorilor s\u0103 apar\u0103 \u00eentr-o lumina natural\u0103 \u0219i vertiabil\u0103. Aici apar marile diferen\u021be \u00eentre l\u0103mpi. Alege\u021bi produse cu un index Ra de cel pu\u021bin 75. Pentru c\u0103 aceast\u0103 valoare nu trebuie men\u021bionat\u0103 pe ambalaj, este posibil s\u0103 nu o g\u0103si\u021bi dec\u00e2t pe internet sau pe foaia de instruc\u021biuni.<\/span><\/p>\n<\/div>\n<p>[\/vc_column_text][\/vc_tta_section][vc_tta_section i_icon_fontawesome=&#8221;fa fa-retweet&#8221; add_icon=&#8221;true&#8221; title=&#8221;Reciclare&#8221; tab_id=&#8221;1513419926475-2d8ca0dd-7389&#8243;][vc_column_text]<\/p>\n<h2><span style=\"color: #000000;\">Eliminarea deseurilor LED<\/span><\/h2>\n<p><span style=\"color: #000000;\"><img loading=\"lazy\" class=\"size-full wp-image-135 alignleft\" src=\"http:\/\/tech.ledtrading.ro\/wp-content\/uploads\/2017\/12\/Fotolia_40890758_Subscription_XL-300x199.jpg\" alt=\"\" width=\"300\" height=\"199\" \/><\/span><\/p>\n<p><span style=\"color: #000000;\">Lampile LED contin elemente electrice. Ele trebuie eliminate impreuna cu deseurile electrice (Computer, Radio, Fier de calcat, etc.) in centrele special destinate. Comparativ cu lampile economice acestea nu contin mercur otravitor. Din 1 August 2005 exista obligatia de a prelua in mod gratuit toate lampile economice si lampi LED in toate centrele de vanzare. Pentru finantarea procedurii de reciclare sepercepe o taxa de reciclare anticipata (vRG) la vanzare. Astfel deseurile LED nu mai pot fi aruncate decat in centrele de vanzare.<\/span><\/p>\n<p><span style=\"color: #000000;\">Obligatia de preluare cuprinde in special lampile LED, lampile economice, neoanele, dar si lampi speciale precum lampile de aburi cu mercur sau lampile de solarii. Obligatia de preluare si de Reciclare nu se extinde si asupra becurilor electrice si a celor cu halogen care se pot arunca cu deseul menajer.<\/span>[\/vc_column_text][\/vc_tta_section][vc_tta_section i_icon_fontawesome=&#8221;fa fa-bolt&#8221; add_icon=&#8221;true&#8221; title=&#8221;Errori frecvente&#8221; tab_id=&#8221;1513420072703-e100f215-4a5e&#8221;][vc_column_text]<\/p>\n<h2><span style=\"color: #000000;\">12 dintre cele mai frecvente erori despre l\u0103mpile LED<\/span><\/h2>\n<div class=\"toggle-style-faq\">\n<div class=\"tgg_wrapper\">\n<p><strong><span style=\"color: #000000;\">Eroarea Nr. 1: Tehnica LED este o descoperire a secolului XXI.<\/span><\/strong><\/p>\n<div class=\"toggle_container\">\n<p><span style=\"color: #000000;\">Adev\u0103rul este c\u0103: primele LED- uri au ap\u0103rut \u00een anii &#8217;60 pe pia\u021b\u0103. Erau de culoare ro\u0219ie, pu\u021bin eficiente \u0219i erau folosite de exemplu \u00een ceasurile digitale. Doar peste 40 de ani s-a reu\u0219it s\u0103 se produc\u0103 LED-uri de culoare alb\u0103.<\/span><\/p>\n<div class=\"clear\"><span style=\"color: #000000;\">\u00a0<\/span><\/div>\n<\/div>\n<\/div>\n<div class=\"tgg_wrapper\">\n<p><strong><span style=\"color: #000000;\">Eroarea Nr. 2: LED-urile emit 90 % lumin\u0103 \u0219i nu produc c\u0103ldur\u0103 rezidual\u0103.<\/span><\/strong><\/p>\n<div class=\"toggle_container\">\n<p><span style=\"color: #000000;\">Adev\u0103rul este c\u0103: diodele luminoase albe pot transforma la ora actual\u0103 20 p\u00e2n\u0103 la 25 % din curent \u00een lumin\u0103, restul este c\u0103ldur\u0103 rezidual\u0103. Aceasta se elibereaz\u0103 pe partea dorsal\u0103 a suprafe\u021bei LED-ului, de aceea raza de lumin\u0103 propriu-zis\u0103 este f\u0103r\u0103 c\u0103ldur\u0103 rezidual\u0103.<\/span><\/p>\n<div class=\"clear\"><span style=\"color: #000000;\">\u00a0<\/span><\/div>\n<\/div>\n<\/div>\n<div class=\"tgg_wrapper\">\n<p><strong><span style=\"color: #000000;\">Eroarea Nr. 3: LED-urile sunt mai eficiente din punct de vedere energetic dec\u00e2t l\u0103mpile fluorescente.<\/span><\/strong><\/p>\n<div class=\"toggle_container\">\n<p><span style=\"color: #000000;\">Adev\u0103rul este c\u0103: actuala eficien\u021b\u0103 energetic\u0103 a diodelor luminoase este \u00een domeniul l\u0103mpilor economice (circa 50 p\u00e2n\u0103 la 60 Lumen pe Watt). Cele Mai bune l\u0103mpi fluorescente au o eficient\u0103 de circa 100 de lumen pe Watt. LED-urile pot, datorit\u0103 luminii foarte concentrate, s\u0103 emit\u0103 punctual luminozit\u0103\u021bi foarte ridicate. Intensitatea \u0219i cantitatea de lumin\u0103 sunt valori ce nu pot fi comparate \u00een mod direct, a\u0219a cum, pe un furtun de gr\u0103din\u0103 cu duz\u0103 mic\u0103, chiar dac\u0103 curge apa pu\u021bin\u0103, se poate stropi foarte departe.<\/span><\/p>\n<div class=\"clear\"><span style=\"color: #000000;\">\u00a0<\/span><\/div>\n<\/div>\n<\/div>\n<div class=\"tgg_wrapper\">\n<p><strong><span style=\"color: #000000;\">Eroarea Nr. 4: LED-urile emit lumin\u0103 rece \u0219i de proast\u0103 calitate.<\/span><\/strong><\/p>\n<div class=\"toggle_container\">\n<p><span style=\"color: #000000;\">Adev\u0103rul este c\u0103: spectrul de calitate al technologiei LED este imens. Cele mai bune LED-uri emit o lumin\u0103 \u00eentr-o calitate comparabil\u0103 cu a l\u0103mpilor cu halogen. Aceste LED-uri au \u00eenc\u0103 un pre\u021b destul de ridicat \u0219i de multe ori, este cunoscut\u0103 doar Lumina LED rece \u0219i de calitate inferioar\u0103 de la lanternele de buzunar \u0219i de la farurile de biciclet\u0103. Astfel, consumatorul nici nu le identific\u0103 ca fiind l\u0103mpi LED.<\/span><\/p>\n<div class=\"clear\"><span style=\"color: #000000;\">\u00a0<\/span><\/div>\n<\/div>\n<\/div>\n<div class=\"tgg_wrapper\">\n<p><strong><span style=\"color: #000000;\">Eroarea Nr. 5: Durata de utilizare a LED-ului este aproape nelimitat\u0103.<\/span><\/strong><\/p>\n<div class=\"toggle_container\">\n<p><span style=\"color: #000000;\">Adev\u0103rul este c\u0103: numai LED-urile de fabrica\u021bie superioar\u0103 au o durat\u0103 lung\u0103 de utilizare (20 000 p\u00e2n\u0103 la 50 000 Ore). Aceasta presupune o unitate de alimentare foarte bun\u0103 ( un transformator de tensiune de la 230 de Volt \u00eentr-o tensiune constant\u0103 inferioar\u0103) \u0219i o construc\u021bie care s\u0103 asigure c\u0103ldur\u0103 rezidual\u0103 a cipului LED. Corpul l\u0103mpii trebuie s\u0103 fie metalic \u0219i \u00een timpul utiliz\u0103rii s\u0103 nu devin\u0103 fierbinte ci doar c\u0103ldu\u021b (la temperatura corpului).<\/span><\/p>\n<div class=\"clear\"><span style=\"color: #000000;\">\u00a0<\/span><\/div>\n<\/div>\n<\/div>\n<div class=\"tgg_wrapper\">\n<p><strong><span style=\"color: #000000;\">Eroarea Nr. 6: LED-urile albe sunt un amestec de lumin\u0103 ro\u0219ie-verde-albastr\u0103 (RGB).<\/span><\/strong><\/p>\n<div class=\"toggle_container\">\n<p><span style=\"color: #000000;\">Adev\u0103rul este c\u0103: se poate ob\u021bine lumina LED alb\u0103 prin amestecul culorilor de baz\u0103. Calitatea luminii emise astfel este \u00eens\u0103 inferioar\u0103, pentru c\u0103 lipsesc componente importante din spectrul luminos. LED-uri Albe de bun\u0103 calitate sunt o combina\u021bie \u00eentre un LED albastru cu un strat fluorescent asem\u0103n\u0103tor cu becul economic.<\/span><\/p>\n<div class=\"clear\"><span style=\"color: #000000;\">\u00a0<\/span><\/div>\n<\/div>\n<\/div>\n<div class=\"tgg_wrapper\">\n<p><strong><span style=\"color: #000000;\">Eroarea NR. 7: Iluminarea LED nu mai este rentabil\u0103 \u00een ziua de azi.<\/span><\/strong><\/p>\n<div class=\"toggle_container\">\n<p><span style=\"color: #000000;\">Adev\u0103rul este c\u0103: depinde foarte mult de modul de utilizare. O instala\u021bie LED \u00eentr-un restaurant, magazin de v\u00e2nzare sau hotel cu o durat\u0103 de utiliaze de circa 4000 de ore pe an se amortizeaz\u0103 \u00een circa 5 ani la o durat\u0103 de folosin\u021b\u0103 de circa 15 ani. L\u0103mpile Retrofit (LED \u00een forma de becuri Halogen sau l\u0103mpi fluorescente) nu sunt momentan rentabile pentru uz casnic.<\/span><\/p>\n<div class=\"clear\"><span style=\"color: #000000;\">\u00a0<\/span><\/div>\n<\/div>\n<\/div>\n<div class=\"tgg_wrapper\">\n<p><strong><span style=\"color: #000000;\">Eroarea Nr. 8: La l\u0103mpile LED nu se poate regla intensitatea luminoas\u0103.<\/span><\/strong><\/p>\n<div class=\"toggle_container\">\n<p><span style=\"color: #000000;\">Adev\u0103rul este c\u0103: \u00een compara\u021bie cu becurile clasice, intensitatea luminoas\u0103 la l\u0103mpile LED se poate regla numai la cele la care este men\u021bionat\u0103 special. Deoarece majoritatea regulatorilor de intesitate luminoas\u0103 care se g\u0103sesc pe pia\u021b\u0103 func\u021bioneaz\u0103 numai pentru l\u0103mpi de la 20 de Watt \u00een sus, se poate regla intensitatea luminoas\u0103 numai dac\u0103 se folosesc mai multe LED deodat\u0103 ( deoarece au valori de 4 p\u00e2n\u0103 la 20 de watt).<\/span><\/p>\n<div class=\"clear\"><span style=\"color: #000000;\">\u00a0<\/span><\/div>\n<\/div>\n<\/div>\n<div class=\"tgg_wrapper\">\n<p><strong><span style=\"color: #000000;\">Eroarea Nr. 9: LED-urile produc Smog electric asemeni l\u0103mpilor economice.<\/span><\/strong><\/p>\n<div class=\"toggle_container\">\n<p><span style=\"color: #000000;\">Adev\u0103rul este c\u0103: LED-urile au nevoie de un aparat intercolator asemeni l\u0103mpilor economice. \u00cen compara\u021bie cu l\u0103mpile economice, diodele luminoase au nevoie de curent continuu (aproape f\u0103r\u0103 radia\u021bii) pe c\u00e2nd l\u0103mpile economice au nevoie de curent alternativ de \u00eenalt\u0103 frecven\u021b\u0103. M\u0103sur\u0103tori efectuate de ETH ZA\u00bchrich dovedesc c\u0103 LED-urile sunt la fel de pu\u021bin radioactive ca \u0219i becurile electrice.<\/span><\/p>\n<div class=\"clear\"><span style=\"color: #000000;\">\u00a0<\/span><\/div>\n<\/div>\n<\/div>\n<div class=\"tgg_wrapper\">\n<p><strong><span style=\"color: #000000;\">Eroarea Nr. 10: Produc\u021bia de LED-uri presupune un consum energetic foarte ridicat.<\/span><\/strong><\/p>\n<div class=\"toggle_container\">\n<p><span style=\"color: #000000;\">Adev\u0103rul este c\u0103: consumul energetic al produc\u021biei de LED-uri este de mai pu\u021bin de 5 % din energia consumat\u0103 \u00een timpul duratei complete de utilizare. De\u0219eurile reziduale \u00een urma fabric\u0103rii sunt -contrar presupunerilor multora- foarte reduse: peste 90 % din cipurile LED pot fi refolosite: acesta este \u0219i motivul pentru care exist\u0103 diferen\u021be calitative at\u00e2t de mari \u00eentre produsele de pe pia\u021b\u0103.<\/span><\/p>\n<div class=\"clear\"><span style=\"color: #000000;\">\u00a0<\/span><\/div>\n<\/div>\n<\/div>\n<div class=\"tgg_wrapper\">\n<p><strong><span style=\"color: #000000;\">Eroarea Nr. 11: Lumina alb\u0103 a LED-ului variaz\u0103 de la o lamp\u0103 la alt\u0103.<\/span><\/strong><\/p>\n<div class=\"toggle_container\">\n<p><span style=\"color: #000000;\">Adev\u0103rul este c\u0103: culorile luminii LED nu sunt \u00eenc\u0103 standardizate \u0219i sunt oferite aproape orice fel de nuan\u021be dorite de lumina alb\u0103. L\u0103mpile LED pot fi instalate cu precizie \u00een culoarea dorit\u0103 \u0219i se pot schimb\u0103 \u00een func\u021bie de necesitate. Problematic\u0103 nuan\u021belor diferite de lumina alb\u0103 se va rezolv\u0103 \u00een viitor.<\/span><\/p>\n<div class=\"clear\"><span style=\"color: #000000;\">\u00a0<\/span><\/div>\n<\/div>\n<\/div>\n<div class=\"tgg_wrapper\">\n<p><strong><span style=\"color: #000000;\">Eroarea Nr. 12: LED-urile defecte se pot arunca \u00een de\u0219eul menajer.<\/span><\/strong><\/p>\n<div class=\"toggle_container\"><span style=\"color: #000000;\">Adev\u0103rul este c\u0103: l\u0103mpile LED con\u021bin Elemente electronice. La sf\u00e2r\u0219itul perioadei (lungi, sper\u0103m) de utilizare trebuie eliminate ca \u0219i de\u0219eurile electrice ( precum Computer, Radio, fier de c\u0103lcat etc) \u00een locurile special amenajate. \u00cen compara\u021bie cu l\u0103mpile economice LED-urile nu con\u021bin mercur otr\u0103vitor.<\/span><\/div>\n<\/div>\n<\/div>\n<p>[\/vc_column_text][\/vc_tta_section][\/vc_tta_tabs][\/vc_column][\/vc_row]<\/p>\n","protected":false},"excerpt":{"rendered":"<p>[vc_row][vc_column][portlist anim=&#8221;pulse&#8221; limit=&#8221;8&#8243; automatic=&#8221;true&#8221;][vc_row_inner][vc_column_inner][\/vc_column_inner][\/vc_row_inner][vc_tta_tabs][vc_tta_section add_icon=&#8221;true&#8221; title=&#8221;Definitie&#8221; tab_id=&#8221;1513418358170-a6687a86-868a&#8221;][vc_column_text]<...\n<\/p>\n","protected":false},"author":1,"featured_media":0,"parent":0,"menu_order":0,"comment_status":"closed","ping_status":"open","template":"homepage-template.php","meta":[],"aioseo_notices":[],"_links":{"self":[{"href":"https:\/\/ledtrading.ro?lang=ro_RO%2Findex.php&rest_route=\/wp\/v2\/pages\/18"}],"collection":[{"href":"https:\/\/ledtrading.ro?lang=ro_RO%2Findex.php&rest_route=\/wp\/v2\/pages"}],"about":[{"href":"https:\/\/ledtrading.ro?lang=ro_RO%2Findex.php&rest_route=\/wp\/v2\/types\/page"}],"author":[{"embeddable":true,"href":"https:\/\/ledtrading.ro?lang=ro_RO%2Findex.php&rest_route=\/wp\/v2\/users\/1"}],"replies":[{"embeddable":true,"href":"https:\/\/ledtrading.ro?lang=ro_RO%2Findex.php&rest_route=%2Fwp%2Fv2%2Fcomments&post=18"}],"version-history":[{"count":26,"href":"https:\/\/ledtrading.ro?lang=ro_RO%2Findex.php&rest_route=\/wp\/v2\/pages\/18\/revisions"}],"predecessor-version":[{"id":990,"href":"https:\/\/ledtrading.ro?lang=ro_RO%2Findex.php&rest_route=\/wp\/v2\/pages\/18\/revisions\/990"}],"wp:attachment":[{"href":"https:\/\/ledtrading.ro?lang=ro_RO%2Findex.php&rest_route=%2Fwp%2Fv2%2Fmedia&parent=18"}],"curies":[{"name":"wp","href":"https:\/\/api.w.org\/{rel}","templated":true}]}}